{"id":4179,"date":"2018-05-25T15:01:05","date_gmt":"2018-05-25T13:01:05","guid":{"rendered":"https:\/\/www.internationaldubgathering.com\/politique-de-confidentialite\/"},"modified":"2024-09-19T08:10:01","modified_gmt":"2024-09-19T06:10:01","slug":"politique-de-confidentialite","status":"publish","type":"page","link":"https:\/\/www.internationaldubgathering.com\/fr\/politique-de-confidentialite\/","title":{"rendered":"Politique de confidentialit\u00e9"},"content":{"rendered":"\n<style type=\"text\/css\" data-created_by=\"avia_inline_auto\" id=\"style-css-av-3w7vwb-9a82f660ddc729d4c366a3066ce8d5e6\">\n#top .av-special-heading.av-3w7vwb-9a82f660ddc729d4c366a3066ce8d5e6{\npadding-bottom:10px;\n}\nbody .av-special-heading.av-3w7vwb-9a82f660ddc729d4c366a3066ce8d5e6 .av-special-heading-tag .heading-char{\nfont-size:25px;\n}\n.av-special-heading.av-3w7vwb-9a82f660ddc729d4c366a3066ce8d5e6 .av-subheading{\nfont-size:15px;\n}\n<\/style>\n<div  class='av-special-heading av-3w7vwb-9a82f660ddc729d4c366a3066ce8d5e6 av-special-heading-h2  avia-builder-el-0  el_before_av_textblock  avia-builder-el-first '><h2 class='av-special-heading-tag'  itemprop=\"headline\"  >POLITIQUE DE CONFIDENTIALIT\u00c9<\/h2><div class=\"special-heading-border\"><div class=\"special-heading-inner-border\"><\/div><\/div><\/div>\n<section  class='av_textblock_section av-2i1wgr-bf725919ca3d585a73aa1a8c8a0e5df3'  itemscope=\"itemscope\" itemtype=\"https:\/\/schema.org\/CreativeWork\" ><div class='avia_textblock'  itemprop=\"text\" ><h3><strong>I. RESPONSABLE DU TRAITEMENT DES DONNEES<\/strong><\/h3>\n<ul>\n<li><strong>Raison sociale\u00a0<\/strong>: Sonido Positivo S.L. (indiqu\u00e9 comme SONIDO POSITIVO par la suit)<\/li>\n<li><strong>Num\u00e9ro d\u2019Identification Fiscale\u00a0<\/strong>: B-44513901<\/li>\n<li><strong>Adresse\u00a0<\/strong>: C\/Poeta Verdaguer, 26 3\u00aa planta 12002 Castell\u00f3n, Espagne<\/li>\n<li><strong>Registre des soci\u00e9t\u00e9s\u00a0<\/strong>: Registre du Commerce de Castell\u00f3n, Tome 1.772, Folio 181, Feuille d\u2019inscription CS-41508, Inscription 1.<\/li>\n<li><strong>Contact\u00a0<\/strong>:\n<ul>\n<li>Email : <a href=\"mailto:info@internationaldubgathering.com\">info@internationaldubgathering.com<\/a><\/li>\n<li><a href=\"https:\/\/www.internationaldubgathering.com\/fr\/contact\/\">Formulaire de contact en ligne<\/a><\/li>\n<\/ul>\n<\/li>\n<\/ul>\n<h3><strong>II. DONNEES TRAITEES, FINALITE ET LEGITIMATION<\/strong><\/h3>\n<p>SONIDO POSITIVO traite les\u00a0<strong>donn\u00e9es personnelles<\/strong>\u00a0d\u2019identification et de contact de l\u2019Interess\u00e9 afin de faciliter la gestion du processus de vente des entr\u00e9es, pass, tickets et accr\u00e9ditations. Plus g\u00e9n\u00e9ralement, la <strong>finalit\u00e9<\/strong>\u00a0est de fournir les informations et services sollicit\u00e9s, incluant les <strong>donn\u00e9es personnelles\u00a0<\/strong>financi\u00e8res ou bancaires n\u00e9cessaires lors de paiements.<\/p>\n<p>Par cons\u00e9quent, SONIDO POSITIVO d\u00e9tient la <strong>l\u00e9gitimation<\/strong>\u00a0\u00e0 travers le consentement absolu de l\u2019Int\u00e9ress\u00e9, qui devra cocher la case correspondante indiquant qu\u2019il accepte les conditions g\u00e9n\u00e9rales lorsqu\u2019il remplit le formulaire de contact de la page web, ou par relation contractuelle si l\u2019utilisateur ach\u00e8te des produits ou souscrit des services propos\u00e9s par SONIDO POSITIVO (entr\u00e9es, camping, <em>merchandising<\/em>\u2026).<\/p>\n<p>Ainsi, vos donn\u00e9es personnelles pourront \u00eatre trait\u00e9es dans le but de vous fournir des informations, par voie \u00e9lectronique aussi, sur vos produits et services si vous avez donn\u00e9 votre accord absolu en ce sens.<\/p>\n<h3><strong>III. TRANSMISSION DE DONNEES A DES TIERS\u00a0<\/strong><\/h3>\n<p>SONIDO POSITIVO vous informe que vos donn\u00e9es ne seront pas c\u00e9d\u00e9es \u00e0 des tiers, sauf si la loi nous y oblige ou que nous avons votre accord absolu.<\/p>\n<h4><strong>1. DELAI DE CONSERVATION DES DONNEES<\/strong><\/h4>\n<p>Le traitement des donn\u00e9es s\u2019effectuera pendant toute la validit\u00e9 de la relation contractuelle entre l\u2019Int\u00e9ress\u00e9 et SONIDO POSITIVO. Si vous avez accept\u00e9 l\u2019envoi d\u2019informations commerciales, vous les recevrez jusqu\u2019\u00e0 l\u2019annulation de la souscription, la r\u00e9vocation du consentement ou l\u2019exercice du droit de suppression des donn\u00e9es. En aucun cas vos donn\u00e9es ne seront trait\u00e9es plus longtemps que la dur\u00e9e n\u00e9cessaire, en fonction de la finalit\u00e9 selon laquelle elles ont \u00e9t\u00e9 collect\u00e9es.<\/p>\n<p>Sans d\u00e9roger au susmentionn\u00e9, la p\u00e9riode de conservation pourra \u00eatre \u00e9tendue en fonction du traitement r\u00e9alis\u00e9 jusqu\u2019\u00e0 l\u2019\u00e9coulement de la p\u00e9riode de prescription des possibles infractions ou sanctions en conformit\u00e9 avec la loi en vigueur.<\/p>\n<h4><strong>2. DROITS DE L\u2019INTERESSE<\/strong><\/h4>\n<p><strong>Exercice des droits\u00a0<\/strong>: Les Int\u00e9ress\u00e9s pourront exercer les droits suivants \u00e0 tout moment, par email ou courrier avec accus\u00e9 de r\u00e9ception aux adresses indiqu\u00e9es dans la rubrique Responsable du Traitement :<\/p>\n<ul>\n<li><u>Droit d\u2019acc\u00e8s\u00a0<\/u>: l\u2019Int\u00e9ress\u00e9 pourra demander confirmation sur le traitement (ou non) des donn\u00e9es personnelles qui le concernent, ainsi que certaines informations concernant ce traitement.<\/li>\n<li><u>Droit de rectification\u00a0<\/u>: l\u2019Int\u00e9ress\u00e9 pourra obtenir la rectification des donn\u00e9es personnelles qui le concernent et qui sont inexactes.<\/li>\n<li><u>Droit de suppression\u00a0<\/u>: l\u2019Int\u00e9ress\u00e9 pourra obtenir la suppression de ses donn\u00e9es, que SONIDO POSITIVO sera oblig\u00e9 d\u2019ex\u00e9cuter sans retard indu.<\/li>\n<li><u>Droit \u00e0 la limitation\u00a0<\/u>: l\u2019Int\u00e9ress\u00e9 pourra limiter le traitement de ses donn\u00e9es personnelles qui, par cons\u00e9quent, ne pourront \u00eatre trait\u00e9es que par SONIDO POSITIVO pour la formulation, l\u2019exercice ou la d\u00e9fense de r\u00e9clamations.<\/li>\n<li><u>Droit \u00e0 la portabilit\u00e9\u00a0<\/u>: l\u2019Int\u00e9ress\u00e9 pourra demander au SONIDO POSITIVO le renvoi des donn\u00e9es fournies \u00e0 un autre responsable.<\/li>\n<\/ul>\n<p><em>Pour vous faciliter l\u2019exercice de vos droits, il est n\u00e9cessaire de confirmer que vous \u00eates titulaire de ces derniers avec un document officiel justificatif, indiquant le droit que vous souhaitez exercer ainsi que les donn\u00e9es concern\u00e9es.\u00a0<\/em><\/p>\n<ul>\n<li><strong>R\u00e9vocation du consentement\u00a0<\/strong>: l\u2019Int\u00e9ress\u00e9 pourra, \u00e0 tout moment, r\u00e9voquer son consentement sur le traitement de ses donn\u00e9es personnelles ou la r\u00e9ception d\u2019informations commerciales.<\/li>\n<li><strong>Recours aupr\u00e8s de l\u2019Autorit\u00e9 de contr\u00f4le :<\/strong>\u00a0nous vous informons que vous pouvez pr\u00e9senter un recours aupr\u00e8s de l\u2019autorit\u00e9 de contr\u00f4le correspondante, qui dans le cas de l\u2019Espagne est l\u2019<a href=\"http:\/\/www.agpd.es\/\" target=\"_blank\" rel=\"noopener\">Agence Espagnole de Protection des Donn\u00e9es<\/a>.<\/li>\n<\/ul>\n<h4><strong>3. COOKIES<\/strong><\/h4>\n<p>Nous utilisons nos propres cookies ainsi que ceux de tiers pour am\u00e9liorer nos services \u00e0 travers l\u2019analyse de votre navigation, selon les normes indiqu\u00e9es dans notre <a href=\"https:\/\/www.internationaldubgathering.com\/fr\/cookies-policy\/\">Politique de Cookies<\/a><\/p>\n<\/div><\/section>\n","protected":false},"excerpt":{"rendered":"","protected":false},"author":1,"featured_media":0,"parent":0,"menu_order":998,"comment_status":"closed","ping_status":"closed","template":"","meta":{"footnotes":""},"class_list":["post-4179","page","type-page","status-publish","hentry"],"yoast_head":"<!-- This site is optimized with the Yoast SEO plugin v27.2 - https:\/\/yoast.com\/product\/yoast-seo-wordpress\/ -->\n<title>Politique de confidentialit\u00e9 - International Dub Gathering<\/title>\n<meta name=\"robots\" content=\"index, follow, max-snippet:-1, max-image-preview:large, max-video-preview:-1\" \/>\n<link rel=\"canonical\" href=\"https:\/\/www.internationaldubgathering.com\/politica-de-privacidad\/\" \/>\n<meta property=\"og:locale\" content=\"fr_FR\" \/>\n<meta property=\"og:type\" content=\"article\" \/>\n<meta property=\"og:title\" content=\"Politique de confidentialit\u00e9 - International Dub Gathering\" \/>\n<meta property=\"og:url\" content=\"https:\/\/www.internationaldubgathering.com\/politica-de-privacidad\/\" \/>\n<meta property=\"og:site_name\" content=\"International Dub Gathering\" \/>\n<meta property=\"article:publisher\" content=\"https:\/\/www.facebook.com\/Internationaldubgathering\/\" \/>\n<meta property=\"article:modified_time\" content=\"2024-09-19T06:10:01+00:00\" \/>\n<meta property=\"og:image\" content=\"https:\/\/www.internationaldubgathering.com\/wp-content\/uploads\/2018\/10\/Dia3-075.jpg\" \/>\n\t<meta property=\"og:image:width\" content=\"1000\" \/>\n\t<meta property=\"og:image:height\" content=\"667\" \/>\n\t<meta property=\"og:image:type\" content=\"image\/jpeg\" \/>\n<meta name=\"twitter:card\" content=\"summary_large_image\" \/>\n<meta name=\"twitter:label1\" content=\"Dur\u00e9e de lecture estim\u00e9e\" \/>\n\t<meta name=\"twitter:data1\" content=\"4 minutes\" \/>\n<script type=\"application\/ld+json\" class=\"yoast-schema-graph\">{\"@context\":\"https:\/\/schema.org\",\"@graph\":[{\"@type\":\"WebPage\",\"@id\":\"https:\/\/www.internationaldubgathering.com\/politica-de-privacidad\/\",\"url\":\"https:\/\/www.internationaldubgathering.com\/politica-de-privacidad\/\",\"name\":\"Politique de confidentialit\u00e9 - International Dub Gathering\",\"isPartOf\":{\"@id\":\"https:\/\/www.internationaldubgathering.com\/fr\/#website\"},\"datePublished\":\"2018-05-25T13:01:05+00:00\",\"dateModified\":\"2024-09-19T06:10:01+00:00\",\"breadcrumb\":{\"@id\":\"https:\/\/www.internationaldubgathering.com\/politica-de-privacidad\/#breadcrumb\"},\"inLanguage\":\"fr-FR\",\"potentialAction\":[{\"@type\":\"ReadAction\",\"target\":[\"https:\/\/www.internationaldubgathering.com\/politica-de-privacidad\/\"]}]},{\"@type\":\"BreadcrumbList\",\"@id\":\"https:\/\/www.internationaldubgathering.com\/politica-de-privacidad\/#breadcrumb\",\"itemListElement\":[{\"@type\":\"ListItem\",\"position\":1,\"name\":\"Portada\",\"item\":\"https:\/\/www.internationaldubgathering.com\/fr\/home\/\"},{\"@type\":\"ListItem\",\"position\":2,\"name\":\"Politique de confidentialit\u00e9\"}]},{\"@type\":\"WebSite\",\"@id\":\"https:\/\/www.internationaldubgathering.com\/fr\/#website\",\"url\":\"https:\/\/www.internationaldubgathering.com\/fr\/\",\"name\":\"International Dub Gathering\",\"description\":\"El mayor festival reggae dedicado al dub, reggae y cultura sound system de Europa.\",\"publisher\":{\"@id\":\"https:\/\/www.internationaldubgathering.com\/fr\/#organization\"},\"potentialAction\":[{\"@type\":\"SearchAction\",\"target\":{\"@type\":\"EntryPoint\",\"urlTemplate\":\"https:\/\/www.internationaldubgathering.com\/fr\/?s={search_term_string}\"},\"query-input\":{\"@type\":\"PropertyValueSpecification\",\"valueRequired\":true,\"valueName\":\"search_term_string\"}}],\"inLanguage\":\"fr-FR\"},{\"@type\":\"Organization\",\"@id\":\"https:\/\/www.internationaldubgathering.com\/fr\/#organization\",\"name\":\"International Dub Gathering\",\"url\":\"https:\/\/www.internationaldubgathering.com\/fr\/\",\"logo\":{\"@type\":\"ImageObject\",\"inLanguage\":\"fr-FR\",\"@id\":\"https:\/\/www.internationaldubgathering.com\/fr\/#\/schema\/logo\/image\/\",\"url\":\"https:\/\/www.internationaldubgathering.com\/wp-content\/uploads\/2018\/08\/IDG2019_LOGOFECHAS.png\",\"contentUrl\":\"https:\/\/www.internationaldubgathering.com\/wp-content\/uploads\/2018\/08\/IDG2019_LOGOFECHAS.png\",\"width\":340,\"height\":156,\"caption\":\"International Dub Gathering\"},\"image\":{\"@id\":\"https:\/\/www.internationaldubgathering.com\/fr\/#\/schema\/logo\/image\/\"},\"sameAs\":[\"https:\/\/www.facebook.com\/Internationaldubgathering\/\",\"https:\/\/www.instagram.com\/internationaldubgathering\/\",\"https:\/\/www.youtube.com\/channel\/UCr-4Y-hBV2D2ou9zY4z4Gjw\"]}]}<\/script>\n<!-- \/ Yoast SEO plugin. -->","yoast_head_json":{"title":"Politique de confidentialit\u00e9 - International Dub Gathering","robots":{"index":"index","follow":"follow","max-snippet":"max-snippet:-1","max-image-preview":"max-image-preview:large","max-video-preview":"max-video-preview:-1"},"canonical":"https:\/\/www.internationaldubgathering.com\/politica-de-privacidad\/","og_locale":"fr_FR","og_type":"article","og_title":"Politique de confidentialit\u00e9 - International Dub Gathering","og_url":"https:\/\/www.internationaldubgathering.com\/politica-de-privacidad\/","og_site_name":"International Dub Gathering","article_publisher":"https:\/\/www.facebook.com\/Internationaldubgathering\/","article_modified_time":"2024-09-19T06:10:01+00:00","og_image":[{"width":1000,"height":667,"url":"https:\/\/www.internationaldubgathering.com\/wp-content\/uploads\/2018\/10\/Dia3-075.jpg","type":"image\/jpeg"}],"twitter_card":"summary_large_image","twitter_misc":{"Dur\u00e9e de lecture estim\u00e9e":"4 minutes"},"schema":{"@context":"https:\/\/schema.org","@graph":[{"@type":"WebPage","@id":"https:\/\/www.internationaldubgathering.com\/politica-de-privacidad\/","url":"https:\/\/www.internationaldubgathering.com\/politica-de-privacidad\/","name":"Politique de confidentialit\u00e9 - International Dub Gathering","isPartOf":{"@id":"https:\/\/www.internationaldubgathering.com\/fr\/#website"},"datePublished":"2018-05-25T13:01:05+00:00","dateModified":"2024-09-19T06:10:01+00:00","breadcrumb":{"@id":"https:\/\/www.internationaldubgathering.com\/politica-de-privacidad\/#breadcrumb"},"inLanguage":"fr-FR","potentialAction":[{"@type":"ReadAction","target":["https:\/\/www.internationaldubgathering.com\/politica-de-privacidad\/"]}]},{"@type":"BreadcrumbList","@id":"https:\/\/www.internationaldubgathering.com\/politica-de-privacidad\/#breadcrumb","itemListElement":[{"@type":"ListItem","position":1,"name":"Portada","item":"https:\/\/www.internationaldubgathering.com\/fr\/home\/"},{"@type":"ListItem","position":2,"name":"Politique de confidentialit\u00e9"}]},{"@type":"WebSite","@id":"https:\/\/www.internationaldubgathering.com\/fr\/#website","url":"https:\/\/www.internationaldubgathering.com\/fr\/","name":"International Dub Gathering","description":"El mayor festival reggae dedicado al dub, reggae y cultura sound system de Europa.","publisher":{"@id":"https:\/\/www.internationaldubgathering.com\/fr\/#organization"},"potentialAction":[{"@type":"SearchAction","target":{"@type":"EntryPoint","urlTemplate":"https:\/\/www.internationaldubgathering.com\/fr\/?s={search_term_string}"},"query-input":{"@type":"PropertyValueSpecification","valueRequired":true,"valueName":"search_term_string"}}],"inLanguage":"fr-FR"},{"@type":"Organization","@id":"https:\/\/www.internationaldubgathering.com\/fr\/#organization","name":"International Dub Gathering","url":"https:\/\/www.internationaldubgathering.com\/fr\/","logo":{"@type":"ImageObject","inLanguage":"fr-FR","@id":"https:\/\/www.internationaldubgathering.com\/fr\/#\/schema\/logo\/image\/","url":"https:\/\/www.internationaldubgathering.com\/wp-content\/uploads\/2018\/08\/IDG2019_LOGOFECHAS.png","contentUrl":"https:\/\/www.internationaldubgathering.com\/wp-content\/uploads\/2018\/08\/IDG2019_LOGOFECHAS.png","width":340,"height":156,"caption":"International Dub Gathering"},"image":{"@id":"https:\/\/www.internationaldubgathering.com\/fr\/#\/schema\/logo\/image\/"},"sameAs":["https:\/\/www.facebook.com\/Internationaldubgathering\/","https:\/\/www.instagram.com\/internationaldubgathering\/","https:\/\/www.youtube.com\/channel\/UCr-4Y-hBV2D2ou9zY4z4Gjw"]}]}},"_links":{"self":[{"href":"https:\/\/www.internationaldubgathering.com\/fr\/wp-json\/wp\/v2\/pages\/4179","targetHints":{"allow":["GET"]}}],"collection":[{"href":"https:\/\/www.internationaldubgathering.com\/fr\/wp-json\/wp\/v2\/pages"}],"about":[{"href":"https:\/\/www.internationaldubgathering.com\/fr\/wp-json\/wp\/v2\/types\/page"}],"author":[{"embeddable":true,"href":"https:\/\/www.internationaldubgathering.com\/fr\/wp-json\/wp\/v2\/users\/1"}],"replies":[{"embeddable":true,"href":"https:\/\/www.internationaldubgathering.com\/fr\/wp-json\/wp\/v2\/comments?post=4179"}],"version-history":[{"count":3,"href":"https:\/\/www.internationaldubgathering.com\/fr\/wp-json\/wp\/v2\/pages\/4179\/revisions"}],"predecessor-version":[{"id":15873,"href":"https:\/\/www.internationaldubgathering.com\/fr\/wp-json\/wp\/v2\/pages\/4179\/revisions\/15873"}],"wp:attachment":[{"href":"https:\/\/www.internationaldubgathering.com\/fr\/wp-json\/wp\/v2\/media?parent=4179"}],"curies":[{"name":"wp","href":"https:\/\/api.w.org\/{rel}","templated":true}]}}